{"id":5,"date":"2012-10-04T18:55:52","date_gmt":"2012-10-04T18:55:52","guid":{"rendered":"http:\/\/compuserviceonline.com.br\/?page_id=5"},"modified":"2023-02-08T12:32:15","modified_gmt":"2023-02-08T12:32:15","slug":"empresa","status":"publish","type":"page","link":"https:\/\/compuserviceonline.com.br\/","title":{"rendered":"Empresa"},"content":{"rendered":"<p>A <strong>Compuservice Softwares<\/strong>, fundada em 1988, vem atuando no mercado de presta\u00e7\u00e3o de servi\u00e7os, sendo especializada em <strong>Faturamento Hospitalar do SUS (Aihs), Faturamento de Conv\u00eanios (IPE, UNIMED e outros) e Desenvolvimento de Sistemas (programas),<\/strong> com a preocupa\u00e7\u00e3o de manter os seus clientes sempre atualizados e fornecendo informa\u00e7\u00f5es de f\u00e1cil compreens\u00e3o.<\/p>\n<p>&nbsp;<\/p>\n<p>Nosso compromisso na qualidade do servi\u00e7o \u00e9 o nosso carro chefe. O faturamento de AIHs come\u00e7a desde o controle da interna\u00e7\u00e3o do paciente, a verifica\u00e7\u00e3o de procedimento solicitado, sexo v\u00e1lido, perman\u00eancia suficiente, hom\u00f4nima, idade m\u00ednima e m\u00e1xima, depois passamos para o processo de digita\u00e7\u00e3o das informa\u00e7\u00f5es necess\u00e1rias ao SUS (Sistema \u00danico de Sa\u00fade), s\u00e3o elas : dados do paciente, procedimento da interna\u00e7\u00e3o, procedimentos especiais, no caso de cirurgias m\u00faltiplas, nutri\u00e7\u00e3o parenteral, perman\u00eancia a maior e outros, acompanhantes, honor\u00e1rios m\u00e9dicos, exames laboratoriais, fisioterapias e outros requisitos. No faturamento de conv\u00eanios (IPE, UNIMED e outros) n\u00e3o \u00e9 diferente, todas as informa\u00e7\u00f5es necess\u00e1rias s\u00e3o solicitadas ao cliente e repassadas para a entidade respons\u00e1vel pelos conv\u00eanios.<\/p>\n<p>&nbsp;<\/p>\n<p>Na \u00e1rea de desenvolvimento de Sistemas possu\u00edmos um vasto conhecimento da linguagem <strong>DELPHI<\/strong> na qual os sistemas s\u00e3o desenvolvidos, nossos programadores j\u00e1 est\u00e3o em fase de aprimoramento da programa\u00e7\u00e3o em outras linguagens dispon\u00edveis no mercado. Sempre com intuito de fazer uma coisa pr\u00e1tica e de f\u00e1cil entendimento, seguindo as necessidades do cliente.<\/p>\n","protected":false},"excerpt":{"rendered":"<p>A Compuservice Softwares, fundada em 1988, vem atuando no mercado de presta\u00e7\u00e3o de servi\u00e7os, sendo especializada em Faturamento Hospitalar do<\/p>\n","protected":false},"author":1,"featured_media":0,"parent":0,"menu_order":0,"comment_status":"closed","ping_status":"closed","template":"","meta":{"colormag_page_container_layout":"default_layout","colormag_page_sidebar_layout":"default_layout","_crdt_document":"","footnotes":""},"class_list":["post-5","page","type-page","status-publish","hentry"],"_links":{"self":[{"href":"https:\/\/compuserviceonline.com.br\/index.php?rest_route=\/wp\/v2\/pages\/5","targetHints":{"allow":["GET"]}}],"collection":[{"href":"https:\/\/compuserviceonline.com.br\/index.php?rest_route=\/wp\/v2\/pages"}],"about":[{"href":"https:\/\/compuserviceonline.com.br\/index.php?rest_route=\/wp\/v2\/types\/page"}],"author":[{"embeddable":true,"href":"https:\/\/compuserviceonline.com.br\/index.php?rest_route=\/wp\/v2\/users\/1"}],"replies":[{"embeddable":true,"href":"https:\/\/compuserviceonline.com.br\/index.php?rest_route=%2Fwp%2Fv2%2Fcomments&post=5"}],"version-history":[{"count":8,"href":"https:\/\/compuserviceonline.com.br\/index.php?rest_route=\/wp\/v2\/pages\/5\/revisions"}],"predecessor-version":[{"id":630,"href":"https:\/\/compuserviceonline.com.br\/index.php?rest_route=\/wp\/v2\/pages\/5\/revisions\/630"}],"wp:attachment":[{"href":"https:\/\/compuserviceonline.com.br\/index.php?rest_route=%2Fwp%2Fv2%2Fmedia&parent=5"}],"curies":[{"name":"wp","href":"https:\/\/api.w.org\/{rel}","templated":true}]}}